{"id":2071,"date":"2022-04-12T16:39:12","date_gmt":"2022-04-12T14:49:26","guid":{"rendered":"https:\/\/weterynaria.biofaktor.pl\/produkt\/oxyvet\/"},"modified":"2022-04-12T16:49:26","modified_gmt":"2022-04-12T14:49:26","slug":"oxyvet-2","status":"publish","type":"product","link":"https:\/\/weterynaria.biofaktor.pl\/en\/produkt\/oxyvet-2\/","title":{"rendered":"Oxyvet"},"content":{"rendered":"<p>Roztw\u00f3r do wstrzykiwa\u0144 dla koni, ciel\u0105t, owiec i \u015bwi\u0144<br \/>\n1 ml produktu zawiera:<br \/>\nSubstancja czynna: Oksytetracykliny chlorowodorek 50 mg (w przeliczeniu na oksytetracyklin\u0119 46,3 mg)<br \/>\nOpakowanie: butelki ze szk\u0142a o zawarto\u015bci 50 ml lub 100 ml produktu<\/p>\n","protected":false},"excerpt":{"rendered":"<p>Roztw\u00f3r do wstrzykiwa\u0144 dla koni, ciel\u0105t, owiec i \u015bwi\u0144 1 ml produktu zawiera: Substancja czynna: Oksytetracykliny chlorowodorek 50 mg (w przeliczeniu na oksytetracyklin\u0119 46,3 mg) Opakowanie: butelki ze szk\u0142a o zawarto\u015bci 50 ml lub 100 ml produktu<\/p>\n","protected":false},"featured_media":0,"comment_status":"open","ping_status":"closed","template":"","meta":{"_acf_changed":false},"product_brand":[],"product_cat":[58],"product_tag":[],"class_list":{"0":"post-2071","1":"product","2":"type-product","3":"status-publish","5":"product_cat-veterinary-medicinal-products","7":"first","8":"instock","9":"shipping-taxable","10":"product-type-simple"},"acf":[],"yoast_head":"<!-- This site is optimized with the Yoast SEO plugin v26.6 - https:\/\/yoast.com\/wordpress\/plugins\/seo\/ -->\n<title>Oxyvet - Weterynaria<\/title>\n<meta name=\"robots\" content=\"index, follow, max-snippet:-1, max-image-preview:large, max-video-preview:-1\" \/>\n<link rel=\"canonical\" href=\"https:\/\/weterynaria.biofaktor.pl\/en\/produkt\/oxyvet-2\/\" \/>\n<meta property=\"og:locale\" content=\"en_US\" \/>\n<meta property=\"og:type\" content=\"article\" \/>\n<meta property=\"og:title\" content=\"Oxyvet - Weterynaria\" \/>\n<meta property=\"og:description\" content=\"Roztw\u00f3r do wstrzykiwa\u0144 dla koni, ciel\u0105t, owiec i \u015bwi\u0144 1 ml produktu zawiera: Substancja czynna: Oksytetracykliny chlorowodorek 50 mg (w przeliczeniu na oksytetracyklin\u0119 46,3 mg) Opakowanie: butelki ze szk\u0142a o zawarto\u015bci 50 ml lub 100 ml produktu\" \/>\n<meta property=\"og:url\" content=\"https:\/\/weterynaria.biofaktor.pl\/en\/produkt\/oxyvet-2\/\" \/>\n<meta property=\"og:site_name\" content=\"Weterynaria\" \/>\n<meta name=\"twitter:card\" content=\"summary_large_image\" \/>\n<script type=\"application\/ld+json\" class=\"yoast-schema-graph\">{\"@context\":\"https:\/\/schema.org\",\"@graph\":[{\"@type\":\"WebPage\",\"@id\":\"https:\/\/weterynaria.biofaktor.pl\/en\/produkt\/oxyvet-2\/\",\"url\":\"https:\/\/weterynaria.biofaktor.pl\/en\/produkt\/oxyvet-2\/\",\"name\":\"Oxyvet - Weterynaria\",\"isPartOf\":{\"@id\":\"https:\/\/weterynaria.biofaktor.pl\/en\/#website\"},\"datePublished\":\"2022-04-12T14:49:26+00:00\",\"breadcrumb\":{\"@id\":\"https:\/\/weterynaria.biofaktor.pl\/en\/produkt\/oxyvet-2\/#breadcrumb\"},\"inLanguage\":\"en-US\",\"potentialAction\":[{\"@type\":\"ReadAction\",\"target\":[\"https:\/\/weterynaria.biofaktor.pl\/en\/produkt\/oxyvet-2\/\"]}]},{\"@type\":\"BreadcrumbList\",\"@id\":\"https:\/\/weterynaria.biofaktor.pl\/en\/produkt\/oxyvet-2\/#breadcrumb\",\"itemListElement\":[{\"@type\":\"ListItem\",\"position\":1,\"name\":\"Strona g\u0142\u00f3wna\",\"item\":\"https:\/\/weterynaria.biofaktor.pl\/en\/\"},{\"@type\":\"ListItem\",\"position\":2,\"name\":\"Product catalog\",\"item\":\"https:\/\/weterynaria.biofaktor.pl\/en\/product-catalog\/\"},{\"@type\":\"ListItem\",\"position\":3,\"name\":\"Oxyvet\"}]},{\"@type\":\"WebSite\",\"@id\":\"https:\/\/weterynaria.biofaktor.pl\/en\/#website\",\"url\":\"https:\/\/weterynaria.biofaktor.pl\/en\/\",\"name\":\"Weterynaria\",\"description\":\"Biofaktor - Jako\u015b\u0107 ma znaczenie\",\"publisher\":{\"@id\":\"https:\/\/weterynaria.biofaktor.pl\/en\/#organization\"},\"potentialAction\":[{\"@type\":\"SearchAction\",\"target\":{\"@type\":\"EntryPoint\",\"urlTemplate\":\"https:\/\/weterynaria.biofaktor.pl\/en\/?s={search_term_string}\"},\"query-input\":{\"@type\":\"PropertyValueSpecification\",\"valueRequired\":true,\"valueName\":\"search_term_string\"}}],\"inLanguage\":\"en-US\"},{\"@type\":\"Organization\",\"@id\":\"https:\/\/weterynaria.biofaktor.pl\/en\/#organization\",\"name\":\"Weterynaria\",\"url\":\"https:\/\/weterynaria.biofaktor.pl\/en\/\",\"logo\":{\"@type\":\"ImageObject\",\"inLanguage\":\"en-US\",\"@id\":\"https:\/\/weterynaria.biofaktor.pl\/en\/#\/schema\/logo\/image\/\",\"url\":\"https:\/\/weterynaria.biofaktor.pl\/wp-content\/uploads\/2021\/10\/BIO-faktor-logo.svg\",\"contentUrl\":\"https:\/\/weterynaria.biofaktor.pl\/wp-content\/uploads\/2021\/10\/BIO-faktor-logo.svg\",\"caption\":\"Weterynaria\"},\"image\":{\"@id\":\"https:\/\/weterynaria.biofaktor.pl\/en\/#\/schema\/logo\/image\/\"}}]}<\/script>\n<!-- \/ Yoast SEO plugin. -->","yoast_head_json":{"title":"Oxyvet - Weterynaria","robots":{"index":"index","follow":"follow","max-snippet":"max-snippet:-1","max-image-preview":"max-image-preview:large","max-video-preview":"max-video-preview:-1"},"canonical":"https:\/\/weterynaria.biofaktor.pl\/en\/produkt\/oxyvet-2\/","og_locale":"en_US","og_type":"article","og_title":"Oxyvet - Weterynaria","og_description":"Roztw\u00f3r do wstrzykiwa\u0144 dla koni, ciel\u0105t, owiec i \u015bwi\u0144 1 ml produktu zawiera: Substancja czynna: Oksytetracykliny chlorowodorek 50 mg (w przeliczeniu na oksytetracyklin\u0119 46,3 mg) Opakowanie: butelki ze szk\u0142a o zawarto\u015bci 50 ml lub 100 ml produktu","og_url":"https:\/\/weterynaria.biofaktor.pl\/en\/produkt\/oxyvet-2\/","og_site_name":"Weterynaria","twitter_card":"summary_large_image","schema":{"@context":"https:\/\/schema.org","@graph":[{"@type":"WebPage","@id":"https:\/\/weterynaria.biofaktor.pl\/en\/produkt\/oxyvet-2\/","url":"https:\/\/weterynaria.biofaktor.pl\/en\/produkt\/oxyvet-2\/","name":"Oxyvet - Weterynaria","isPartOf":{"@id":"https:\/\/weterynaria.biofaktor.pl\/en\/#website"},"datePublished":"2022-04-12T14:49:26+00:00","breadcrumb":{"@id":"https:\/\/weterynaria.biofaktor.pl\/en\/produkt\/oxyvet-2\/#breadcrumb"},"inLanguage":"en-US","potentialAction":[{"@type":"ReadAction","target":["https:\/\/weterynaria.biofaktor.pl\/en\/produkt\/oxyvet-2\/"]}]},{"@type":"BreadcrumbList","@id":"https:\/\/weterynaria.biofaktor.pl\/en\/produkt\/oxyvet-2\/#breadcrumb","itemListElement":[{"@type":"ListItem","position":1,"name":"Strona g\u0142\u00f3wna","item":"https:\/\/weterynaria.biofaktor.pl\/en\/"},{"@type":"ListItem","position":2,"name":"Product catalog","item":"https:\/\/weterynaria.biofaktor.pl\/en\/product-catalog\/"},{"@type":"ListItem","position":3,"name":"Oxyvet"}]},{"@type":"WebSite","@id":"https:\/\/weterynaria.biofaktor.pl\/en\/#website","url":"https:\/\/weterynaria.biofaktor.pl\/en\/","name":"Weterynaria","description":"Biofaktor - Jako\u015b\u0107 ma znaczenie","publisher":{"@id":"https:\/\/weterynaria.biofaktor.pl\/en\/#organization"},"potentialAction":[{"@type":"SearchAction","target":{"@type":"EntryPoint","urlTemplate":"https:\/\/weterynaria.biofaktor.pl\/en\/?s={search_term_string}"},"query-input":{"@type":"PropertyValueSpecification","valueRequired":true,"valueName":"search_term_string"}}],"inLanguage":"en-US"},{"@type":"Organization","@id":"https:\/\/weterynaria.biofaktor.pl\/en\/#organization","name":"Weterynaria","url":"https:\/\/weterynaria.biofaktor.pl\/en\/","logo":{"@type":"ImageObject","inLanguage":"en-US","@id":"https:\/\/weterynaria.biofaktor.pl\/en\/#\/schema\/logo\/image\/","url":"https:\/\/weterynaria.biofaktor.pl\/wp-content\/uploads\/2021\/10\/BIO-faktor-logo.svg","contentUrl":"https:\/\/weterynaria.biofaktor.pl\/wp-content\/uploads\/2021\/10\/BIO-faktor-logo.svg","caption":"Weterynaria"},"image":{"@id":"https:\/\/weterynaria.biofaktor.pl\/en\/#\/schema\/logo\/image\/"}}]}},"_links":{"self":[{"href":"https:\/\/weterynaria.biofaktor.pl\/en\/wp-json\/wp\/v2\/product\/2071","targetHints":{"allow":["GET"]}}],"collection":[{"href":"https:\/\/weterynaria.biofaktor.pl\/en\/wp-json\/wp\/v2\/product"}],"about":[{"href":"https:\/\/weterynaria.biofaktor.pl\/en\/wp-json\/wp\/v2\/types\/product"}],"replies":[{"embeddable":true,"href":"https:\/\/weterynaria.biofaktor.pl\/en\/wp-json\/wp\/v2\/comments?post=2071"}],"wp:attachment":[{"href":"https:\/\/weterynaria.biofaktor.pl\/en\/wp-json\/wp\/v2\/media?parent=2071"}],"wp:term":[{"taxonomy":"product_brand","embeddable":true,"href":"https:\/\/weterynaria.biofaktor.pl\/en\/wp-json\/wp\/v2\/product_brand?post=2071"},{"taxonomy":"product_cat","embeddable":true,"href":"https:\/\/weterynaria.biofaktor.pl\/en\/wp-json\/wp\/v2\/product_cat?post=2071"},{"taxonomy":"product_tag","embeddable":true,"href":"https:\/\/weterynaria.biofaktor.pl\/en\/wp-json\/wp\/v2\/product_tag?post=2071"}],"curies":[{"name":"wp","href":"https:\/\/api.w.org\/{rel}","templated":true}]}}