{"id":1817,"date":"2021-11-05T19:27:03","date_gmt":"2022-02-08T16:18:30","guid":{"rendered":"https:\/\/weterynaria.biofaktor.pl\/produkt\/vitaminum-b-complex-liver-extract\/"},"modified":"2022-02-08T17:18:33","modified_gmt":"2022-02-08T16:18:33","slug":"vitaminum-b-complex-liver-extract","status":"publish","type":"product","link":"https:\/\/weterynaria.biofaktor.pl\/en\/produkt\/vitaminum-b-complex-liver-extract\/","title":{"rendered":"Vitaminum B complex + liver extract"},"content":{"rendered":"<p>Mieszanka Vitaminum B complex + liver extract zawiera witaminy z grupy B, metionin\u0119 oraz wyci\u0105g w\u0105trobowy, kt\u00f3ry nale\u017cy traktowa\u0107 jako \u017ar\u00f3d\u0142o witamin oraz aminokwas\u00f3w. Witaminy z grupy B odgrywaj\u0105 wa\u017cn\u0105 rol\u0119 w przemianie w\u0119glowodan\u00f3w, bia\u0142ek i t\u0142uszcz\u00f3w. Witamina B1 usprawnia metabolizm w\u0119glowodan\u00f3w, odpowiada za prawid\u0142owe funkcjonowanie tkanki nerwowej, mi\u0119\u015bnia sercowego, uk\u0142adu pokarmowego, wch\u0142anianie t\u0142uszcz\u00f3w, aktywno\u015b\u0107 enzym\u00f3w oraz kontroluje perystaltyk\u0119 jelit. Jej niedob\u00f3r powoduje kar\u0142owato\u015b\u0107, op\u00f3\u017anienie w rozwoju, martwic\u0119 kory m\u00f3zgowej (owce, byd\u0142o), zak\u0142\u00f3cenia w gospodarce wodnej i cukrowej, a tak\u017ce z\u0142e wykorzystanie energii. Witamina B2 pe\u0142ni rol\u0119 koenzymu w przemianach metabolicznych t\u0142uszcz\u00f3w, bia\u0142ek i kwas\u00f3w nukleinowych. Jej niedob\u00f3r prowadzi do biegunek, zahamowania rozwoju i gorszego wykorzystania paszy, u drobiu powoduje paralityczne skrzywienie palc\u00f3w (zaci\u015bni\u0119cie w pi\u0119\u015b\u0107). Witamina B6 pe\u0142ni wa\u017cn\u0105 rol\u0119 w metabolizmie bia\u0142ek, t\u0142uszcz\u00f3w, w\u0119glowodan\u00f3w i w przemianach sk\u0142adnik\u00f3w mineralnych. Jej brak w organizmie powoduje char\u0142actwo, niedorozw\u00f3j, zmiany sk\u00f3rne, uszkodzenia w\u0105troby, serca, uk\u0142adu nerwowego, s\u0142ab\u0105 nie\u015bno\u015b\u0107 i wyl\u0119gowo\u015b\u0107. Witamina B12 jest potrzebna do prawid\u0142owego wzrostu, procesu tworzenia krwi i przemian metabolicznych. Niedob\u00f3r powoduje anemi\u0119, s\u0142abe wykorzystanie paszy, zmiany zapalne sk\u00f3ry, u drobiu s\u0142abe upierzenie, obni\u017con\u0105 nie\u015bno\u015b\u0107 i zwi\u0119kszon\u0105 \u015bmiertelno\u015b\u0107 zarodk\u00f3w.<\/p>\n","protected":false},"excerpt":{"rendered":"<p>Mieszanka Vitaminum B complex + liver extract zawiera witaminy z grupy B, metionin\u0119 oraz wyci\u0105g w\u0105trobowy, kt\u00f3ry nale\u017cy traktowa\u0107 jako \u017ar\u00f3d\u0142o witamin oraz aminokwas\u00f3w. Witaminy z grupy B odgrywaj\u0105 wa\u017cn\u0105 rol\u0119 w przemianie w\u0119glowodan\u00f3w, bia\u0142ek i t\u0142uszcz\u00f3w. Witamina B1 usprawnia metabolizm w\u0119glowodan\u00f3w, odpowiada za prawid\u0142owe funkcjonowanie tkanki nerwowej, mi\u0119\u015bnia sercowego, uk\u0142adu pokarmowego, wch\u0142anianie t\u0142uszcz\u00f3w, aktywno\u015b\u0107 [&hellip;]<\/p>\n","protected":false},"featured_media":1451,"comment_status":"open","ping_status":"closed","template":"","meta":{"_acf_changed":false},"product_brand":[],"product_cat":[57],"product_tag":[],"class_list":{"0":"post-1817","1":"product","2":"type-product","3":"status-publish","4":"has-post-thumbnail","6":"product_cat-feed-supplements","8":"first","9":"instock","10":"shipping-taxable","11":"product-type-simple"},"acf":[],"yoast_head":"<!-- This site is optimized with the Yoast SEO plugin v26.6 - https:\/\/yoast.com\/wordpress\/plugins\/seo\/ -->\n<title>Vitaminum B complex + liver extract - Weterynaria<\/title>\n<meta name=\"robots\" content=\"index, follow, max-snippet:-1, max-image-preview:large, max-video-preview:-1\" \/>\n<link rel=\"canonical\" href=\"https:\/\/weterynaria.biofaktor.pl\/en\/produkt\/vitaminum-b-complex-liver-extract\/\" \/>\n<meta property=\"og:locale\" content=\"en_US\" \/>\n<meta property=\"og:type\" content=\"article\" \/>\n<meta property=\"og:title\" content=\"Vitaminum B complex + liver extract - Weterynaria\" \/>\n<meta property=\"og:description\" content=\"Mieszanka Vitaminum B complex + liver extract zawiera witaminy z grupy B, metionin\u0119 oraz wyci\u0105g w\u0105trobowy, kt\u00f3ry nale\u017cy traktowa\u0107 jako \u017ar\u00f3d\u0142o witamin oraz aminokwas\u00f3w. Witaminy z grupy B odgrywaj\u0105 wa\u017cn\u0105 rol\u0119 w przemianie w\u0119glowodan\u00f3w, bia\u0142ek i t\u0142uszcz\u00f3w. Witamina B1 usprawnia metabolizm w\u0119glowodan\u00f3w, odpowiada za prawid\u0142owe funkcjonowanie tkanki nerwowej, mi\u0119\u015bnia sercowego, uk\u0142adu pokarmowego, wch\u0142anianie t\u0142uszcz\u00f3w, aktywno\u015b\u0107 [&hellip;]\" \/>\n<meta property=\"og:url\" content=\"https:\/\/weterynaria.biofaktor.pl\/en\/produkt\/vitaminum-b-complex-liver-extract\/\" \/>\n<meta property=\"og:site_name\" content=\"Weterynaria\" \/>\n<meta property=\"article:modified_time\" content=\"2022-02-08T16:18:33+00:00\" \/>\n<meta property=\"og:image\" content=\"https:\/\/weterynaria.biofaktor.pl\/wp-content\/uploads\/2021\/11\/vitB_liver_5000.png\" \/>\n\t<meta property=\"og:image:width\" content=\"1000\" \/>\n\t<meta property=\"og:image:height\" content=\"1000\" \/>\n\t<meta property=\"og:image:type\" content=\"image\/png\" \/>\n<meta name=\"twitter:card\" content=\"summary_large_image\" \/>\n<meta name=\"twitter:label1\" content=\"Est. reading time\" \/>\n\t<meta name=\"twitter:data1\" content=\"1 minute\" \/>\n<script type=\"application\/ld+json\" class=\"yoast-schema-graph\">{\"@context\":\"https:\/\/schema.org\",\"@graph\":[{\"@type\":\"WebPage\",\"@id\":\"https:\/\/weterynaria.biofaktor.pl\/en\/produkt\/vitaminum-b-complex-liver-extract\/\",\"url\":\"https:\/\/weterynaria.biofaktor.pl\/en\/produkt\/vitaminum-b-complex-liver-extract\/\",\"name\":\"Vitaminum B complex + liver extract - Weterynaria\",\"isPartOf\":{\"@id\":\"https:\/\/weterynaria.biofaktor.pl\/en\/#website\"},\"primaryImageOfPage\":{\"@id\":\"https:\/\/weterynaria.biofaktor.pl\/en\/produkt\/vitaminum-b-complex-liver-extract\/#primaryimage\"},\"image\":{\"@id\":\"https:\/\/weterynaria.biofaktor.pl\/en\/produkt\/vitaminum-b-complex-liver-extract\/#primaryimage\"},\"thumbnailUrl\":\"https:\/\/weterynaria.biofaktor.pl\/wp-content\/uploads\/2021\/11\/vitB_liver_5000.png\",\"datePublished\":\"2022-02-08T16:18:30+00:00\",\"dateModified\":\"2022-02-08T16:18:33+00:00\",\"breadcrumb\":{\"@id\":\"https:\/\/weterynaria.biofaktor.pl\/en\/produkt\/vitaminum-b-complex-liver-extract\/#breadcrumb\"},\"inLanguage\":\"en-US\",\"potentialAction\":[{\"@type\":\"ReadAction\",\"target\":[\"https:\/\/weterynaria.biofaktor.pl\/en\/produkt\/vitaminum-b-complex-liver-extract\/\"]}]},{\"@type\":\"ImageObject\",\"inLanguage\":\"en-US\",\"@id\":\"https:\/\/weterynaria.biofaktor.pl\/en\/produkt\/vitaminum-b-complex-liver-extract\/#primaryimage\",\"url\":\"https:\/\/weterynaria.biofaktor.pl\/wp-content\/uploads\/2021\/11\/vitB_liver_5000.png\",\"contentUrl\":\"https:\/\/weterynaria.biofaktor.pl\/wp-content\/uploads\/2021\/11\/vitB_liver_5000.png\",\"width\":1000,\"height\":1000},{\"@type\":\"BreadcrumbList\",\"@id\":\"https:\/\/weterynaria.biofaktor.pl\/en\/produkt\/vitaminum-b-complex-liver-extract\/#breadcrumb\",\"itemListElement\":[{\"@type\":\"ListItem\",\"position\":1,\"name\":\"Strona g\u0142\u00f3wna\",\"item\":\"https:\/\/weterynaria.biofaktor.pl\/en\/\"},{\"@type\":\"ListItem\",\"position\":2,\"name\":\"Product catalog\",\"item\":\"https:\/\/weterynaria.biofaktor.pl\/en\/product-catalog\/\"},{\"@type\":\"ListItem\",\"position\":3,\"name\":\"Vitaminum B&nbsp;complex + liver extract\"}]},{\"@type\":\"WebSite\",\"@id\":\"https:\/\/weterynaria.biofaktor.pl\/en\/#website\",\"url\":\"https:\/\/weterynaria.biofaktor.pl\/en\/\",\"name\":\"Weterynaria\",\"description\":\"Biofaktor - Jako\u015b\u0107 ma znaczenie\",\"publisher\":{\"@id\":\"https:\/\/weterynaria.biofaktor.pl\/en\/#organization\"},\"potentialAction\":[{\"@type\":\"SearchAction\",\"target\":{\"@type\":\"EntryPoint\",\"urlTemplate\":\"https:\/\/weterynaria.biofaktor.pl\/en\/?s={search_term_string}\"},\"query-input\":{\"@type\":\"PropertyValueSpecification\",\"valueRequired\":true,\"valueName\":\"search_term_string\"}}],\"inLanguage\":\"en-US\"},{\"@type\":\"Organization\",\"@id\":\"https:\/\/weterynaria.biofaktor.pl\/en\/#organization\",\"name\":\"Weterynaria\",\"url\":\"https:\/\/weterynaria.biofaktor.pl\/en\/\",\"logo\":{\"@type\":\"ImageObject\",\"inLanguage\":\"en-US\",\"@id\":\"https:\/\/weterynaria.biofaktor.pl\/en\/#\/schema\/logo\/image\/\",\"url\":\"https:\/\/weterynaria.biofaktor.pl\/wp-content\/uploads\/2021\/10\/BIO-faktor-logo.svg\",\"contentUrl\":\"https:\/\/weterynaria.biofaktor.pl\/wp-content\/uploads\/2021\/10\/BIO-faktor-logo.svg\",\"caption\":\"Weterynaria\"},\"image\":{\"@id\":\"https:\/\/weterynaria.biofaktor.pl\/en\/#\/schema\/logo\/image\/\"}}]}<\/script>\n<!-- \/ Yoast SEO plugin. -->","yoast_head_json":{"title":"Vitaminum B complex + liver extract - Weterynaria","robots":{"index":"index","follow":"follow","max-snippet":"max-snippet:-1","max-image-preview":"max-image-preview:large","max-video-preview":"max-video-preview:-1"},"canonical":"https:\/\/weterynaria.biofaktor.pl\/en\/produkt\/vitaminum-b-complex-liver-extract\/","og_locale":"en_US","og_type":"article","og_title":"Vitaminum B complex + liver extract - Weterynaria","og_description":"Mieszanka Vitaminum B complex + liver extract zawiera witaminy z grupy B, metionin\u0119 oraz wyci\u0105g w\u0105trobowy, kt\u00f3ry nale\u017cy traktowa\u0107 jako \u017ar\u00f3d\u0142o witamin oraz aminokwas\u00f3w. Witaminy z grupy B odgrywaj\u0105 wa\u017cn\u0105 rol\u0119 w przemianie w\u0119glowodan\u00f3w, bia\u0142ek i t\u0142uszcz\u00f3w. Witamina B1 usprawnia metabolizm w\u0119glowodan\u00f3w, odpowiada za prawid\u0142owe funkcjonowanie tkanki nerwowej, mi\u0119\u015bnia sercowego, uk\u0142adu pokarmowego, wch\u0142anianie t\u0142uszcz\u00f3w, aktywno\u015b\u0107 [&hellip;]","og_url":"https:\/\/weterynaria.biofaktor.pl\/en\/produkt\/vitaminum-b-complex-liver-extract\/","og_site_name":"Weterynaria","article_modified_time":"2022-02-08T16:18:33+00:00","og_image":[{"width":1000,"height":1000,"url":"https:\/\/weterynaria.biofaktor.pl\/wp-content\/uploads\/2021\/11\/vitB_liver_5000.png","type":"image\/png"}],"twitter_card":"summary_large_image","twitter_misc":{"Est. reading time":"1 minute"},"schema":{"@context":"https:\/\/schema.org","@graph":[{"@type":"WebPage","@id":"https:\/\/weterynaria.biofaktor.pl\/en\/produkt\/vitaminum-b-complex-liver-extract\/","url":"https:\/\/weterynaria.biofaktor.pl\/en\/produkt\/vitaminum-b-complex-liver-extract\/","name":"Vitaminum B complex + liver extract - Weterynaria","isPartOf":{"@id":"https:\/\/weterynaria.biofaktor.pl\/en\/#website"},"primaryImageOfPage":{"@id":"https:\/\/weterynaria.biofaktor.pl\/en\/produkt\/vitaminum-b-complex-liver-extract\/#primaryimage"},"image":{"@id":"https:\/\/weterynaria.biofaktor.pl\/en\/produkt\/vitaminum-b-complex-liver-extract\/#primaryimage"},"thumbnailUrl":"https:\/\/weterynaria.biofaktor.pl\/wp-content\/uploads\/2021\/11\/vitB_liver_5000.png","datePublished":"2022-02-08T16:18:30+00:00","dateModified":"2022-02-08T16:18:33+00:00","breadcrumb":{"@id":"https:\/\/weterynaria.biofaktor.pl\/en\/produkt\/vitaminum-b-complex-liver-extract\/#breadcrumb"},"inLanguage":"en-US","potentialAction":[{"@type":"ReadAction","target":["https:\/\/weterynaria.biofaktor.pl\/en\/produkt\/vitaminum-b-complex-liver-extract\/"]}]},{"@type":"ImageObject","inLanguage":"en-US","@id":"https:\/\/weterynaria.biofaktor.pl\/en\/produkt\/vitaminum-b-complex-liver-extract\/#primaryimage","url":"https:\/\/weterynaria.biofaktor.pl\/wp-content\/uploads\/2021\/11\/vitB_liver_5000.png","contentUrl":"https:\/\/weterynaria.biofaktor.pl\/wp-content\/uploads\/2021\/11\/vitB_liver_5000.png","width":1000,"height":1000},{"@type":"BreadcrumbList","@id":"https:\/\/weterynaria.biofaktor.pl\/en\/produkt\/vitaminum-b-complex-liver-extract\/#breadcrumb","itemListElement":[{"@type":"ListItem","position":1,"name":"Strona g\u0142\u00f3wna","item":"https:\/\/weterynaria.biofaktor.pl\/en\/"},{"@type":"ListItem","position":2,"name":"Product catalog","item":"https:\/\/weterynaria.biofaktor.pl\/en\/product-catalog\/"},{"@type":"ListItem","position":3,"name":"Vitaminum B&nbsp;complex + liver extract"}]},{"@type":"WebSite","@id":"https:\/\/weterynaria.biofaktor.pl\/en\/#website","url":"https:\/\/weterynaria.biofaktor.pl\/en\/","name":"Weterynaria","description":"Biofaktor - Jako\u015b\u0107 ma znaczenie","publisher":{"@id":"https:\/\/weterynaria.biofaktor.pl\/en\/#organization"},"potentialAction":[{"@type":"SearchAction","target":{"@type":"EntryPoint","urlTemplate":"https:\/\/weterynaria.biofaktor.pl\/en\/?s={search_term_string}"},"query-input":{"@type":"PropertyValueSpecification","valueRequired":true,"valueName":"search_term_string"}}],"inLanguage":"en-US"},{"@type":"Organization","@id":"https:\/\/weterynaria.biofaktor.pl\/en\/#organization","name":"Weterynaria","url":"https:\/\/weterynaria.biofaktor.pl\/en\/","logo":{"@type":"ImageObject","inLanguage":"en-US","@id":"https:\/\/weterynaria.biofaktor.pl\/en\/#\/schema\/logo\/image\/","url":"https:\/\/weterynaria.biofaktor.pl\/wp-content\/uploads\/2021\/10\/BIO-faktor-logo.svg","contentUrl":"https:\/\/weterynaria.biofaktor.pl\/wp-content\/uploads\/2021\/10\/BIO-faktor-logo.svg","caption":"Weterynaria"},"image":{"@id":"https:\/\/weterynaria.biofaktor.pl\/en\/#\/schema\/logo\/image\/"}}]}},"_links":{"self":[{"href":"https:\/\/weterynaria.biofaktor.pl\/en\/wp-json\/wp\/v2\/product\/1817","targetHints":{"allow":["GET"]}}],"collection":[{"href":"https:\/\/weterynaria.biofaktor.pl\/en\/wp-json\/wp\/v2\/product"}],"about":[{"href":"https:\/\/weterynaria.biofaktor.pl\/en\/wp-json\/wp\/v2\/types\/product"}],"replies":[{"embeddable":true,"href":"https:\/\/weterynaria.biofaktor.pl\/en\/wp-json\/wp\/v2\/comments?post=1817"}],"wp:featuredmedia":[{"embeddable":true,"href":"https:\/\/weterynaria.biofaktor.pl\/en\/wp-json\/wp\/v2\/media\/1451"}],"wp:attachment":[{"href":"https:\/\/weterynaria.biofaktor.pl\/en\/wp-json\/wp\/v2\/media?parent=1817"}],"wp:term":[{"taxonomy":"product_brand","embeddable":true,"href":"https:\/\/weterynaria.biofaktor.pl\/en\/wp-json\/wp\/v2\/product_brand?post=1817"},{"taxonomy":"product_cat","embeddable":true,"href":"https:\/\/weterynaria.biofaktor.pl\/en\/wp-json\/wp\/v2\/product_cat?post=1817"},{"taxonomy":"product_tag","embeddable":true,"href":"https:\/\/weterynaria.biofaktor.pl\/en\/wp-json\/wp\/v2\/product_tag?post=1817"}],"curies":[{"name":"wp","href":"https:\/\/api.w.org\/{rel}","templated":true}]}}